{"id":27,"date":"2015-12-02T01:07:57","date_gmt":"2015-12-02T00:07:57","guid":{"rendered":"http:\/\/www.friessinger-backtec.de\/fr\/?page_id=27"},"modified":"2018-03-07T13:21:57","modified_gmt":"2018-03-07T12:21:57","slug":"entreprise","status":"publish","type":"page","link":"http:\/\/www.friessinger-backtec.de\/fr\/","title":{"rendered":"Entreprise"},"content":{"rendered":"<div id=\"pl-27\"  class=\"panel-layout\" ><div id=\"pg-27-0\"  class=\"panel-grid panel-no-style\" ><div id=\"pgc-27-0-0\"  class=\"panel-grid-cell\" ><div id=\"panel-27-0-0-0\" class=\"so-panel widget widget_sow-slider panel-first-child panel-last-child\" data-index=\"0\" ><div\n\t\t\t\n\t\t\tclass=\"so-widget-sow-slider so-widget-sow-slider-default-a7c5bcd581e2-27\"\n\t\t\t\n\t\t>\t\t\t\t<div class=\"sow-slider-base\" style=\"display: none\" tabindex=\"0\">\n\t\t\t\t\t<ul\n\t\t\t\t\tclass=\"sow-slider-images\"\n\t\t\t\t\tdata-settings=\"{&quot;pagination&quot;:true,&quot;speed&quot;:800,&quot;timeout&quot;:3000,&quot;paused&quot;:false,&quot;pause_on_hover&quot;:false,&quot;swipe&quot;:true,&quot;nav_always_show_desktop&quot;:&quot;&quot;,&quot;nav_always_show_mobile&quot;:&quot;&quot;,&quot;breakpoint&quot;:&quot;780px&quot;,&quot;unmute&quot;:false,&quot;anchor&quot;:null}\"\n\t\t\t\t\t\t\t\t\t\tdata-anchor-id=\"\"\n\t\t\t\t>\t\t<li class=\"sow-slider-image\" style=\"visibility: visible;\" >\n\t\t\t\t\t\t\t\t<\/li>\n\t\t<\/ul>\t\t\t\t<ol class=\"sow-slider-pagination\">\n\t\t\t\t\t\t\t\t\t\t\t<li><a href=\"#\" data-goto=\"0\" aria-label=\"display slide 1\"><\/a><\/li>\n\t\t\t\t\t\t\t\t\t<\/ol>\n\n\t\t\t\t<div class=\"sow-slide-nav sow-slide-nav-next\">\n\t\t\t\t\t<a href=\"#\" data-goto=\"next\" aria-label=\"next slide\" data-action=\"next\">\n\t\t\t\t\t\t<em class=\"sow-sld-icon-thin-right\"><\/em>\n\t\t\t\t\t<\/a>\n\t\t\t\t<\/div>\n\n\t\t\t\t<div class=\"sow-slide-nav sow-slide-nav-prev\">\n\t\t\t\t\t<a href=\"#\" data-goto=\"previous\" aria-label=\"previous slide\" data-action=\"prev\">\n\t\t\t\t\t\t<em class=\"sow-sld-icon-thin-left\"><\/em>\n\t\t\t\t\t<\/a>\n\t\t\t\t<\/div>\n\t\t\t\t<\/div><\/div><\/div><\/div><div id=\"pgc-27-0-1\"  class=\"panel-grid-cell\" ><div id=\"panel-27-0-1-0\" class=\"so-panel widget widget_sow-editor panel-first-child panel-last-child\" data-index=\"1\" ><div\n\t\t\t\n\t\t\tclass=\"so-widget-sow-editor so-widget-sow-editor-base\"\n\t\t\t\n\t\t><h3 class=\"widget-title\">Exclusif - flexible - ax\u00e9 sur les clients<\/h3>\n<div class=\"siteorigin-widget-tinymce textwidget\">\n\t<p>Fond\u00e9e en 2006, notre entreprise propose des solutions sp\u00e9cifiques au client et des produits sp\u00e9ciaux pour les boulangeries et l'industrie des adjuvants.<br \/>\n<br \/>Le principal savoir-faire de notre entreprise est la<br \/>\nmicronisation du son et d\u2019autres produits naturels.<\/p>\n<p>Notre action est ax\u00e9e sur la satisfaction des clients. Nous misons sur des relations commerciales intenses et durables et nous effor\u00e7ons de satisfaire le mieux possible les souhaits de nos clients.<\/p>\n<p>Gr\u00e2ce \u00e0 la taille humaine de notre entreprise, notre organisation est extr\u00eamement flexible et notre climat de travail tr\u00e8s agr\u00e9able.<br \/>\nNous sommes en mesure de produire rapidement des produits sp\u00e9ciaux destin\u00e9s \u00e0 diff\u00e9rents segments du march\u00e9. Nous utilisons notre longue exp\u00e9rience et notre cr\u00e9ativit\u00e9 pour optimiser les co\u00fbts des produits finaux.<\/p>\n<\/div>\n<\/div><\/div><\/div><\/div><\/div>","protected":false},"excerpt":{"rendered":"<p>Fond\u00e9e en 2006, notre entreprise propose des solutions sp\u00e9cifiques au client et des produits sp\u00e9ciaux pour les boulangeries et l&#8217;industrie des adjuvants. Le principal savoir-faire de notre entreprise est la micronisation du son et d\u2019autres produits naturels. Notre action est ax\u00e9e sur la satisfaction des clients. Nous misons sur des relations commerciales intenses et durables [&hellip;]<\/p>\n","protected":false},"author":1,"featured_media":0,"parent":0,"menu_order":0,"comment_status":"closed","ping_status":"closed","template":"templates\/template-full-notitle.php","meta":{"footnotes":""},"yoast_head":"<!-- This site is optimized with the Yoast SEO plugin v22.7 - https:\/\/yoast.com\/wordpress\/plugins\/seo\/ -->\n<title>Entreprise - Frie\u00dfinger Backtec GmbH<\/title>\n<meta name=\"robots\" content=\"index, follow, max-snippet:-1, max-image-preview:large, max-video-preview:-1\" \/>\n<link rel=\"canonical\" href=\"http:\/\/www.friessinger-backtec.de\/fr\/\" \/>\n<meta property=\"og:locale\" content=\"de_DE\" \/>\n<meta property=\"og:type\" content=\"article\" \/>\n<meta property=\"og:title\" content=\"Entreprise - Frie\u00dfinger Backtec GmbH\" \/>\n<meta property=\"og:description\" content=\"Fond\u00e9e en 2006, notre entreprise propose des solutions sp\u00e9cifiques au client et des produits sp\u00e9ciaux pour les boulangeries et l&#039;industrie des adjuvants. Le principal savoir-faire de notre entreprise est la micronisation du son et d\u2019autres produits naturels. Notre action est ax\u00e9e sur la satisfaction des clients. Nous misons sur des relations commerciales intenses et durables [&hellip;]\" \/>\n<meta property=\"og:url\" content=\"http:\/\/www.friessinger-backtec.de\/fr\/\" \/>\n<meta property=\"og:site_name\" content=\"Frie\u00dfinger Backtec GmbH\" \/>\n<meta property=\"article:modified_time\" content=\"2018-03-07T12:21:57+00:00\" \/>\n<meta name=\"twitter:card\" content=\"summary_large_image\" \/>\n<meta name=\"twitter:label1\" content=\"Gesch\u00e4tzte Lesezeit\" \/>\n\t<meta name=\"twitter:data1\" content=\"1\u00a0Minute\" \/>\n<script type=\"application\/ld+json\" class=\"yoast-schema-graph\">{\"@context\":\"https:\/\/schema.org\",\"@graph\":[{\"@type\":\"WebPage\",\"@id\":\"http:\/\/www.friessinger-backtec.de\/fr\/\",\"url\":\"http:\/\/www.friessinger-backtec.de\/fr\/\",\"name\":\"Entreprise - Frie\u00dfinger Backtec GmbH\",\"isPartOf\":{\"@id\":\"http:\/\/www.friessinger-backtec.de\/fr\/#website\"},\"datePublished\":\"2015-12-02T00:07:57+00:00\",\"dateModified\":\"2018-03-07T12:21:57+00:00\",\"breadcrumb\":{\"@id\":\"http:\/\/www.friessinger-backtec.de\/fr\/#breadcrumb\"},\"inLanguage\":\"de\",\"potentialAction\":[{\"@type\":\"ReadAction\",\"target\":[\"http:\/\/www.friessinger-backtec.de\/fr\/\"]}]},{\"@type\":\"BreadcrumbList\",\"@id\":\"http:\/\/www.friessinger-backtec.de\/fr\/#breadcrumb\",\"itemListElement\":[{\"@type\":\"ListItem\",\"position\":1,\"name\":\"Home\",\"item\":\"http:\/\/www.friessinger-backtec.de\/fr\/\"},{\"@type\":\"ListItem\",\"position\":2,\"name\":\"Entreprise\"}]},{\"@type\":\"WebSite\",\"@id\":\"http:\/\/www.friessinger-backtec.de\/fr\/#website\",\"url\":\"http:\/\/www.friessinger-backtec.de\/fr\/\",\"name\":\"Frie\u00dfinger Backtec GmbH\",\"description\":\"\",\"publisher\":{\"@id\":\"http:\/\/www.friessinger-backtec.de\/fr\/#organization\"},\"potentialAction\":[{\"@type\":\"SearchAction\",\"target\":{\"@type\":\"EntryPoint\",\"urlTemplate\":\"http:\/\/www.friessinger-backtec.de\/fr\/?s={search_term_string}\"},\"query-input\":\"required name=search_term_string\"}],\"inLanguage\":\"de\"},{\"@type\":\"Organization\",\"@id\":\"http:\/\/www.friessinger-backtec.de\/fr\/#organization\",\"name\":\"Frie\u00dfinger Backtec GmbH\",\"url\":\"http:\/\/www.friessinger-backtec.de\/fr\/\",\"logo\":{\"@type\":\"ImageObject\",\"inLanguage\":\"de\",\"@id\":\"http:\/\/www.friessinger-backtec.de\/fr\/#\/schema\/logo\/image\/\",\"url\":\"http:\/\/www.friessinger-backtec.de\/fr\/wp-content\/uploads\/sites\/3\/2020\/08\/Logo-Backtec-2.png\",\"contentUrl\":\"http:\/\/www.friessinger-backtec.de\/fr\/wp-content\/uploads\/sites\/3\/2020\/08\/Logo-Backtec-2.png\",\"width\":469,\"height\":219,\"caption\":\"Frie\u00dfinger Backtec GmbH\"},\"image\":{\"@id\":\"http:\/\/www.friessinger-backtec.de\/fr\/#\/schema\/logo\/image\/\"}}]}<\/script>\n<!-- \/ Yoast SEO plugin. -->","yoast_head_json":{"title":"Entreprise - Frie\u00dfinger Backtec GmbH","robots":{"index":"index","follow":"follow","max-snippet":"max-snippet:-1","max-image-preview":"max-image-preview:large","max-video-preview":"max-video-preview:-1"},"canonical":"http:\/\/www.friessinger-backtec.de\/fr\/","og_locale":"de_DE","og_type":"article","og_title":"Entreprise - Frie\u00dfinger Backtec GmbH","og_description":"Fond\u00e9e en 2006, notre entreprise propose des solutions sp\u00e9cifiques au client et des produits sp\u00e9ciaux pour les boulangeries et l'industrie des adjuvants. Le principal savoir-faire de notre entreprise est la micronisation du son et d\u2019autres produits naturels. Notre action est ax\u00e9e sur la satisfaction des clients. Nous misons sur des relations commerciales intenses et durables [&hellip;]","og_url":"http:\/\/www.friessinger-backtec.de\/fr\/","og_site_name":"Frie\u00dfinger Backtec GmbH","article_modified_time":"2018-03-07T12:21:57+00:00","twitter_card":"summary_large_image","twitter_misc":{"Gesch\u00e4tzte Lesezeit":"1\u00a0Minute"},"schema":{"@context":"https:\/\/schema.org","@graph":[{"@type":"WebPage","@id":"http:\/\/www.friessinger-backtec.de\/fr\/","url":"http:\/\/www.friessinger-backtec.de\/fr\/","name":"Entreprise - Frie\u00dfinger Backtec GmbH","isPartOf":{"@id":"http:\/\/www.friessinger-backtec.de\/fr\/#website"},"datePublished":"2015-12-02T00:07:57+00:00","dateModified":"2018-03-07T12:21:57+00:00","breadcrumb":{"@id":"http:\/\/www.friessinger-backtec.de\/fr\/#breadcrumb"},"inLanguage":"de","potentialAction":[{"@type":"ReadAction","target":["http:\/\/www.friessinger-backtec.de\/fr\/"]}]},{"@type":"BreadcrumbList","@id":"http:\/\/www.friessinger-backtec.de\/fr\/#breadcrumb","itemListElement":[{"@type":"ListItem","position":1,"name":"Home","item":"http:\/\/www.friessinger-backtec.de\/fr\/"},{"@type":"ListItem","position":2,"name":"Entreprise"}]},{"@type":"WebSite","@id":"http:\/\/www.friessinger-backtec.de\/fr\/#website","url":"http:\/\/www.friessinger-backtec.de\/fr\/","name":"Frie\u00dfinger Backtec GmbH","description":"","publisher":{"@id":"http:\/\/www.friessinger-backtec.de\/fr\/#organization"},"potentialAction":[{"@type":"SearchAction","target":{"@type":"EntryPoint","urlTemplate":"http:\/\/www.friessinger-backtec.de\/fr\/?s={search_term_string}"},"query-input":"required name=search_term_string"}],"inLanguage":"de"},{"@type":"Organization","@id":"http:\/\/www.friessinger-backtec.de\/fr\/#organization","name":"Frie\u00dfinger Backtec GmbH","url":"http:\/\/www.friessinger-backtec.de\/fr\/","logo":{"@type":"ImageObject","inLanguage":"de","@id":"http:\/\/www.friessinger-backtec.de\/fr\/#\/schema\/logo\/image\/","url":"http:\/\/www.friessinger-backtec.de\/fr\/wp-content\/uploads\/sites\/3\/2020\/08\/Logo-Backtec-2.png","contentUrl":"http:\/\/www.friessinger-backtec.de\/fr\/wp-content\/uploads\/sites\/3\/2020\/08\/Logo-Backtec-2.png","width":469,"height":219,"caption":"Frie\u00dfinger Backtec GmbH"},"image":{"@id":"http:\/\/www.friessinger-backtec.de\/fr\/#\/schema\/logo\/image\/"}}]}},"_links":{"self":[{"href":"http:\/\/www.friessinger-backtec.de\/fr\/wp-json\/wp\/v2\/pages\/27"}],"collection":[{"href":"http:\/\/www.friessinger-backtec.de\/fr\/wp-json\/wp\/v2\/pages"}],"about":[{"href":"http:\/\/www.friessinger-backtec.de\/fr\/wp-json\/wp\/v2\/types\/page"}],"author":[{"embeddable":true,"href":"http:\/\/www.friessinger-backtec.de\/fr\/wp-json\/wp\/v2\/users\/1"}],"replies":[{"embeddable":true,"href":"http:\/\/www.friessinger-backtec.de\/fr\/wp-json\/wp\/v2\/comments?post=27"}],"version-history":[{"count":8,"href":"http:\/\/www.friessinger-backtec.de\/fr\/wp-json\/wp\/v2\/pages\/27\/revisions"}],"predecessor-version":[{"id":93,"href":"http:\/\/www.friessinger-backtec.de\/fr\/wp-json\/wp\/v2\/pages\/27\/revisions\/93"}],"wp:attachment":[{"href":"http:\/\/www.friessinger-backtec.de\/fr\/wp-json\/wp\/v2\/media?parent=27"}],"curies":[{"name":"wp","href":"https:\/\/api.w.org\/{rel}","templated":true}]}}