{"id":45,"date":"2015-12-02T01:28:10","date_gmt":"2015-12-02T00:28:10","guid":{"rendered":"http:\/\/www.friessinger-backtec.de\/fr\/?page_id=45"},"modified":"2017-12-19T11:45:15","modified_gmt":"2017-12-19T10:45:15","slug":"produits","status":"publish","type":"page","link":"http:\/\/www.friessinger-backtec.de\/fr\/produits\/","title":{"rendered":"Produits"},"content":{"rendered":"<div id=\"pl-45\"  class=\"panel-layout\" ><div id=\"pg-45-0\"  class=\"panel-grid panel-no-style\" ><div id=\"pgc-45-0-0\"  class=\"panel-grid-cell\" ><div id=\"panel-45-0-0-0\" class=\"so-panel widget widget_sow-editor panel-first-child panel-last-child\" data-index=\"0\" ><div\n\t\t\t\n\t\t\tclass=\"so-widget-sow-editor so-widget-sow-editor-base\"\n\t\t\t\n\t\t>\n<div class=\"siteorigin-widget-tinymce textwidget\">\n\t<hr \/>\n<h1><strong>Boulangerie<\/strong><\/h1>\n<p>Exemples de pr\u00e9parations\u00a0:<\/p>\n<ul>\n<li>Pr\u00e9parations pr\u00eates\n<ul>\n<li>Racine rustique<\/li>\n<li>Racine blanche<\/li>\n<li>Racine d\u2019\u00e9peautre<\/li>\n<li>Farine bise<\/li>\n<li>M\u00e9lange de c\u00e9r\u00e9ales compl\u00e8tes \u00e0 base de graines de tournesol et d\u2019\u00e9peautre<\/li>\n<\/ul>\n<\/li>\n<li>Concentr\u00e9s de diff\u00e9rents types utilis\u00e9s en boulangerie<\/li>\n<li>Pr\u00e9parations selon les souhaits individuels des clients<\/li>\n<\/ul>\n<p><strong><u>Valeur ajout\u00e9e pour les meilleurs produits en boulangerie<\/u><\/strong><\/p>\n<p><strong>Les produits micronis\u00e9s \u00e0 base de son <\/strong>procurent des fibres, favorisent la r\u00e9tention d\u2019eau, sont des ar\u00f4mes et colorants naturels.<\/p>\n<p>L\u2019ajout de <strong>germes de bl\u00e9 complet, d\u00e9compos\u00e9s et micronis\u00e9s<\/strong>, garantit le renforcement du go\u00fbt et la conservation naturelle de la fra\u00eecheur dans tous les pains.\u00a0Ils sont \u00e9galement \u00e0 l\u2019origine de la coloration jaune du pain.<\/p>\n<p>Gr\u00e2ce \u00e0 la <strong>farine de bl\u00e9 micronis\u00e9e<\/strong>, la r\u00e9tention d\u2019eau augmente de 20%.\u00a0Ces farines peuvent constituer jusqu'\u00e0 15% de la production de produits surgel\u00e9s.\u00a0Les avantages\u00a0: une augmentation de la r\u00e9tention d\u2019eau, une fra\u00eecheur conserv\u00e9e plus longtemps.<\/p>\n<\/div>\n<\/div><\/div><\/div><div id=\"pgc-45-0-1\"  class=\"panel-grid-cell\" ><div id=\"panel-45-0-1-0\" class=\"so-panel widget widget_sow-slider panel-first-child panel-last-child\" data-index=\"1\" ><div\n\t\t\t\n\t\t\tclass=\"so-widget-sow-slider so-widget-sow-slider-default-a7c5bcd581e2-45\"\n\t\t\t\n\t\t>\t\t\t\t<div class=\"sow-slider-base\" style=\"display: none\" tabindex=\"0\">\n\t\t\t\t\t<ul\n\t\t\t\t\tclass=\"sow-slider-images\"\n\t\t\t\t\tdata-settings=\"{&quot;pagination&quot;:true,&quot;speed&quot;:800,&quot;timeout&quot;:3000,&quot;paused&quot;:false,&quot;pause_on_hover&quot;:false,&quot;swipe&quot;:true,&quot;nav_always_show_desktop&quot;:&quot;&quot;,&quot;nav_always_show_mobile&quot;:&quot;&quot;,&quot;breakpoint&quot;:&quot;780px&quot;,&quot;unmute&quot;:false,&quot;anchor&quot;:null}\"\n\t\t\t\t\t\t\t\t\t\tdata-anchor-id=\"\"\n\t\t\t\t>\t\t<li class=\"sow-slider-image\" style=\"visibility: visible;\" >\n\t\t\t\t\t\t\t\t<\/li>\n\t\t\t\t<li class=\"sow-slider-image\" style=\"visibility: hidden;\" >\n\t\t\t\t\t\t\t\t<\/li>\n\t\t<\/ul>\t\t\t\t<ol class=\"sow-slider-pagination\">\n\t\t\t\t\t\t\t\t\t\t\t<li><a href=\"#\" data-goto=\"0\" aria-label=\"display slide 1\"><\/a><\/li>\n\t\t\t\t\t\t\t\t\t\t\t<li><a href=\"#\" data-goto=\"1\" aria-label=\"display slide 2\"><\/a><\/li>\n\t\t\t\t\t\t\t\t\t<\/ol>\n\n\t\t\t\t<div class=\"sow-slide-nav sow-slide-nav-next\">\n\t\t\t\t\t<a href=\"#\" data-goto=\"next\" aria-label=\"next slide\" data-action=\"next\">\n\t\t\t\t\t\t<em class=\"sow-sld-icon-thin-right\"><\/em>\n\t\t\t\t\t<\/a>\n\t\t\t\t<\/div>\n\n\t\t\t\t<div class=\"sow-slide-nav sow-slide-nav-prev\">\n\t\t\t\t\t<a href=\"#\" data-goto=\"previous\" aria-label=\"previous slide\" data-action=\"prev\">\n\t\t\t\t\t\t<em class=\"sow-sld-icon-thin-left\"><\/em>\n\t\t\t\t\t<\/a>\n\t\t\t\t<\/div>\n\t\t\t\t<\/div><\/div><\/div><\/div><\/div><div id=\"pg-45-1\"  class=\"panel-grid panel-no-style\" ><div id=\"pgc-45-1-0\"  class=\"panel-grid-cell\" ><div id=\"panel-45-1-0-0\" class=\"so-panel widget widget_sow-slider panel-first-child panel-last-child\" data-index=\"2\" ><div\n\t\t\t\n\t\t\tclass=\"so-widget-sow-slider so-widget-sow-slider-default-a7c5bcd581e2-45\"\n\t\t\t\n\t\t>\t\t\t\t<div class=\"sow-slider-base\" style=\"display: none\" tabindex=\"0\">\n\t\t\t\t\t<ul\n\t\t\t\t\tclass=\"sow-slider-images\"\n\t\t\t\t\tdata-settings=\"{&quot;pagination&quot;:true,&quot;speed&quot;:800,&quot;timeout&quot;:3000,&quot;paused&quot;:false,&quot;pause_on_hover&quot;:false,&quot;swipe&quot;:true,&quot;nav_always_show_desktop&quot;:&quot;&quot;,&quot;nav_always_show_mobile&quot;:&quot;&quot;,&quot;breakpoint&quot;:&quot;780px&quot;,&quot;unmute&quot;:false,&quot;anchor&quot;:null}\"\n\t\t\t\t\t\t\t\t\t\tdata-anchor-id=\"\"\n\t\t\t\t>\t\t<li class=\"sow-slider-image\" style=\"visibility: visible;\" >\n\t\t\t\t\t\t\t\t<\/li>\n\t\t\t\t<li class=\"sow-slider-image\" style=\"visibility: hidden;\" >\n\t\t\t\t\t\t\t\t<\/li>\n\t\t<\/ul>\t\t\t\t<ol class=\"sow-slider-pagination\">\n\t\t\t\t\t\t\t\t\t\t\t<li><a href=\"#\" data-goto=\"0\" aria-label=\"display slide 1\"><\/a><\/li>\n\t\t\t\t\t\t\t\t\t\t\t<li><a href=\"#\" data-goto=\"1\" aria-label=\"display slide 2\"><\/a><\/li>\n\t\t\t\t\t\t\t\t\t<\/ol>\n\n\t\t\t\t<div class=\"sow-slide-nav sow-slide-nav-next\">\n\t\t\t\t\t<a href=\"#\" data-goto=\"next\" aria-label=\"next slide\" data-action=\"next\">\n\t\t\t\t\t\t<em class=\"sow-sld-icon-thin-right\"><\/em>\n\t\t\t\t\t<\/a>\n\t\t\t\t<\/div>\n\n\t\t\t\t<div class=\"sow-slide-nav sow-slide-nav-prev\">\n\t\t\t\t\t<a href=\"#\" data-goto=\"previous\" aria-label=\"previous slide\" data-action=\"prev\">\n\t\t\t\t\t\t<em class=\"sow-sld-icon-thin-left\"><\/em>\n\t\t\t\t\t<\/a>\n\t\t\t\t<\/div>\n\t\t\t\t<\/div><\/div><\/div><\/div><div id=\"pgc-45-1-1\"  class=\"panel-grid-cell\" ><div id=\"panel-45-1-1-0\" class=\"so-panel widget widget_sow-editor panel-first-child panel-last-child\" data-index=\"3\" ><div\n\t\t\t\n\t\t\tclass=\"so-widget-sow-editor so-widget-sow-editor-base\"\n\t\t\t\n\t\t>\n<div class=\"siteorigin-widget-tinymce textwidget\">\n\t<hr \/>\n<h1><strong>Produits extrud\u00e9s<\/strong><\/h1>\n<h4><span style=\"text-decoration: underline;\">Roux classiques (blanc et brun) pour la gastronomie<\/span><\/h4>\n<p><strong>Propri\u00e9t\u00e9s et avantages des produits\u00a0:<\/strong><\/p>\n<ul>\n<li>liaison homog\u00e8ne \u00e0 base de farine<\/li>\n<li>sans grumeaux et sans faire suer<\/li>\n<li>id\u00e9al pour lier les sauces claires ou brunes, les soupes et les jus de r\u00f4tis<\/li>\n<\/ul>\n<p><strong>Pr\u00e9paration\u00a0:<\/strong><\/p>\n<ul>\n<li>Faire bouillir le bouillon de viande, gibier, poisson et l\u00e9gumes.<\/li>\n<li>D\u00e9layer avec un fouet un roux blanc ou brun\n<ul>\n<li>(env. 100 g) dans 1 litre de sauce ou<\/li>\n<li>(env. \u00a070 g) dans 1 litre de soupe.<\/li>\n<\/ul>\n<\/li>\n<li>Laisser cuire pendant environ 5 minutes en remuant de temps en temps.<\/li>\n<li>Assaisonner selon votre go\u00fbt<\/li>\n<\/ul>\n<\/div>\n<\/div><\/div><\/div><\/div><div id=\"pg-45-2\"  class=\"panel-grid panel-no-style\" ><div id=\"pgc-45-2-0\"  class=\"panel-grid-cell\" ><div id=\"panel-45-2-0-0\" class=\"so-panel widget widget_sow-editor panel-first-child panel-last-child\" data-index=\"4\" ><div\n\t\t\t\n\t\t\tclass=\"so-widget-sow-editor so-widget-sow-editor-base\"\n\t\t\t\n\t\t>\n<div class=\"siteorigin-widget-tinymce textwidget\">\n\t<hr \/>\n<h2 style=\"text-align: center;\"><strong>Si vous souhaitez en apprendre davantage sur notre entreprise ou nos produits, n\u2019h\u00e9sitez pas \u00e0 nous contacter.<\/strong><\/h2>\n<\/div>\n<\/div><\/div><\/div><\/div><\/div>","protected":false},"excerpt":{"rendered":"<p>BoulangerieExemples de pr\u00e9parations\u00a0:Pr\u00e9parations pr\u00eatesRacine rustiqueRacine blancheRacine d\u2019\u00e9peautreFarine biseM\u00e9lange de c\u00e9r\u00e9ales compl\u00e8tes \u00e0 base de graines de tournesol et d\u2019\u00e9peautreConcentr\u00e9s de diff\u00e9rents types utilis\u00e9s en boulangeriePr\u00e9parations selon les souhaits individuels des clientsValeur ajout\u00e9e pour les meilleurs produits en boulangerieLes produits micronis\u00e9s \u00e0 base de son procurent des fibres, favorisent la r\u00e9tention d\u2019eau, sont des ar\u00f4mes et [&hellip;]<\/p>\n","protected":false},"author":1,"featured_media":0,"parent":0,"menu_order":0,"comment_status":"closed","ping_status":"closed","template":"templates\/template-full-notitle.php","meta":{"footnotes":""},"yoast_head":"<!-- This site is optimized with the Yoast SEO plugin v22.7 - https:\/\/yoast.com\/wordpress\/plugins\/seo\/ -->\n<title>Produits - Frie\u00dfinger Backtec GmbH<\/title>\n<meta name=\"robots\" content=\"index, follow, max-snippet:-1, max-image-preview:large, max-video-preview:-1\" \/>\n<link rel=\"canonical\" href=\"http:\/\/www.friessinger-backtec.de\/fr\/produits\/\" \/>\n<meta property=\"og:locale\" content=\"de_DE\" \/>\n<meta property=\"og:type\" content=\"article\" \/>\n<meta property=\"og:title\" content=\"Produits - Frie\u00dfinger Backtec GmbH\" \/>\n<meta property=\"og:description\" content=\"BoulangerieExemples de pr\u00e9parations\u00a0:Pr\u00e9parations pr\u00eatesRacine rustiqueRacine blancheRacine d\u2019\u00e9peautreFarine biseM\u00e9lange de c\u00e9r\u00e9ales compl\u00e8tes \u00e0 base de graines de tournesol et d\u2019\u00e9peautreConcentr\u00e9s de diff\u00e9rents types utilis\u00e9s en boulangeriePr\u00e9parations selon les souhaits individuels des clientsValeur ajout\u00e9e pour les meilleurs produits en boulangerieLes produits micronis\u00e9s \u00e0 base de son procurent des fibres, favorisent la r\u00e9tention d\u2019eau, sont des ar\u00f4mes et [&hellip;]\" \/>\n<meta property=\"og:url\" content=\"http:\/\/www.friessinger-backtec.de\/fr\/produits\/\" \/>\n<meta property=\"og:site_name\" content=\"Frie\u00dfinger Backtec GmbH\" \/>\n<meta property=\"article:modified_time\" content=\"2017-12-19T10:45:15+00:00\" \/>\n<meta name=\"twitter:card\" content=\"summary_large_image\" \/>\n<meta name=\"twitter:label1\" content=\"Gesch\u00e4tzte Lesezeit\" \/>\n\t<meta name=\"twitter:data1\" content=\"1\u00a0Minute\" \/>\n<script type=\"application\/ld+json\" class=\"yoast-schema-graph\">{\"@context\":\"https:\/\/schema.org\",\"@graph\":[{\"@type\":\"WebPage\",\"@id\":\"http:\/\/www.friessinger-backtec.de\/fr\/produits\/\",\"url\":\"http:\/\/www.friessinger-backtec.de\/fr\/produits\/\",\"name\":\"Produits - Frie\u00dfinger Backtec GmbH\",\"isPartOf\":{\"@id\":\"http:\/\/www.friessinger-backtec.de\/fr\/#website\"},\"datePublished\":\"2015-12-02T00:28:10+00:00\",\"dateModified\":\"2017-12-19T10:45:15+00:00\",\"breadcrumb\":{\"@id\":\"http:\/\/www.friessinger-backtec.de\/fr\/produits\/#breadcrumb\"},\"inLanguage\":\"de\",\"potentialAction\":[{\"@type\":\"ReadAction\",\"target\":[\"http:\/\/www.friessinger-backtec.de\/fr\/produits\/\"]}]},{\"@type\":\"BreadcrumbList\",\"@id\":\"http:\/\/www.friessinger-backtec.de\/fr\/produits\/#breadcrumb\",\"itemListElement\":[{\"@type\":\"ListItem\",\"position\":1,\"name\":\"Home\",\"item\":\"http:\/\/www.friessinger-backtec.de\/fr\/\"},{\"@type\":\"ListItem\",\"position\":2,\"name\":\"Produits\"}]},{\"@type\":\"WebSite\",\"@id\":\"http:\/\/www.friessinger-backtec.de\/fr\/#website\",\"url\":\"http:\/\/www.friessinger-backtec.de\/fr\/\",\"name\":\"Frie\u00dfinger Backtec GmbH\",\"description\":\"\",\"publisher\":{\"@id\":\"http:\/\/www.friessinger-backtec.de\/fr\/#organization\"},\"potentialAction\":[{\"@type\":\"SearchAction\",\"target\":{\"@type\":\"EntryPoint\",\"urlTemplate\":\"http:\/\/www.friessinger-backtec.de\/fr\/?s={search_term_string}\"},\"query-input\":\"required name=search_term_string\"}],\"inLanguage\":\"de\"},{\"@type\":\"Organization\",\"@id\":\"http:\/\/www.friessinger-backtec.de\/fr\/#organization\",\"name\":\"Frie\u00dfinger Backtec GmbH\",\"url\":\"http:\/\/www.friessinger-backtec.de\/fr\/\",\"logo\":{\"@type\":\"ImageObject\",\"inLanguage\":\"de\",\"@id\":\"http:\/\/www.friessinger-backtec.de\/fr\/#\/schema\/logo\/image\/\",\"url\":\"http:\/\/www.friessinger-backtec.de\/fr\/wp-content\/uploads\/sites\/3\/2020\/08\/Logo-Backtec-2.png\",\"contentUrl\":\"http:\/\/www.friessinger-backtec.de\/fr\/wp-content\/uploads\/sites\/3\/2020\/08\/Logo-Backtec-2.png\",\"width\":469,\"height\":219,\"caption\":\"Frie\u00dfinger Backtec GmbH\"},\"image\":{\"@id\":\"http:\/\/www.friessinger-backtec.de\/fr\/#\/schema\/logo\/image\/\"}}]}<\/script>\n<!-- \/ Yoast SEO plugin. -->","yoast_head_json":{"title":"Produits - Frie\u00dfinger Backtec GmbH","robots":{"index":"index","follow":"follow","max-snippet":"max-snippet:-1","max-image-preview":"max-image-preview:large","max-video-preview":"max-video-preview:-1"},"canonical":"http:\/\/www.friessinger-backtec.de\/fr\/produits\/","og_locale":"de_DE","og_type":"article","og_title":"Produits - Frie\u00dfinger Backtec GmbH","og_description":"BoulangerieExemples de pr\u00e9parations\u00a0:Pr\u00e9parations pr\u00eatesRacine rustiqueRacine blancheRacine d\u2019\u00e9peautreFarine biseM\u00e9lange de c\u00e9r\u00e9ales compl\u00e8tes \u00e0 base de graines de tournesol et d\u2019\u00e9peautreConcentr\u00e9s de diff\u00e9rents types utilis\u00e9s en boulangeriePr\u00e9parations selon les souhaits individuels des clientsValeur ajout\u00e9e pour les meilleurs produits en boulangerieLes produits micronis\u00e9s \u00e0 base de son procurent des fibres, favorisent la r\u00e9tention d\u2019eau, sont des ar\u00f4mes et [&hellip;]","og_url":"http:\/\/www.friessinger-backtec.de\/fr\/produits\/","og_site_name":"Frie\u00dfinger Backtec GmbH","article_modified_time":"2017-12-19T10:45:15+00:00","twitter_card":"summary_large_image","twitter_misc":{"Gesch\u00e4tzte Lesezeit":"1\u00a0Minute"},"schema":{"@context":"https:\/\/schema.org","@graph":[{"@type":"WebPage","@id":"http:\/\/www.friessinger-backtec.de\/fr\/produits\/","url":"http:\/\/www.friessinger-backtec.de\/fr\/produits\/","name":"Produits - Frie\u00dfinger Backtec GmbH","isPartOf":{"@id":"http:\/\/www.friessinger-backtec.de\/fr\/#website"},"datePublished":"2015-12-02T00:28:10+00:00","dateModified":"2017-12-19T10:45:15+00:00","breadcrumb":{"@id":"http:\/\/www.friessinger-backtec.de\/fr\/produits\/#breadcrumb"},"inLanguage":"de","potentialAction":[{"@type":"ReadAction","target":["http:\/\/www.friessinger-backtec.de\/fr\/produits\/"]}]},{"@type":"BreadcrumbList","@id":"http:\/\/www.friessinger-backtec.de\/fr\/produits\/#breadcrumb","itemListElement":[{"@type":"ListItem","position":1,"name":"Home","item":"http:\/\/www.friessinger-backtec.de\/fr\/"},{"@type":"ListItem","position":2,"name":"Produits"}]},{"@type":"WebSite","@id":"http:\/\/www.friessinger-backtec.de\/fr\/#website","url":"http:\/\/www.friessinger-backtec.de\/fr\/","name":"Frie\u00dfinger Backtec GmbH","description":"","publisher":{"@id":"http:\/\/www.friessinger-backtec.de\/fr\/#organization"},"potentialAction":[{"@type":"SearchAction","target":{"@type":"EntryPoint","urlTemplate":"http:\/\/www.friessinger-backtec.de\/fr\/?s={search_term_string}"},"query-input":"required name=search_term_string"}],"inLanguage":"de"},{"@type":"Organization","@id":"http:\/\/www.friessinger-backtec.de\/fr\/#organization","name":"Frie\u00dfinger Backtec GmbH","url":"http:\/\/www.friessinger-backtec.de\/fr\/","logo":{"@type":"ImageObject","inLanguage":"de","@id":"http:\/\/www.friessinger-backtec.de\/fr\/#\/schema\/logo\/image\/","url":"http:\/\/www.friessinger-backtec.de\/fr\/wp-content\/uploads\/sites\/3\/2020\/08\/Logo-Backtec-2.png","contentUrl":"http:\/\/www.friessinger-backtec.de\/fr\/wp-content\/uploads\/sites\/3\/2020\/08\/Logo-Backtec-2.png","width":469,"height":219,"caption":"Frie\u00dfinger Backtec GmbH"},"image":{"@id":"http:\/\/www.friessinger-backtec.de\/fr\/#\/schema\/logo\/image\/"}}]}},"_links":{"self":[{"href":"http:\/\/www.friessinger-backtec.de\/fr\/wp-json\/wp\/v2\/pages\/45"}],"collection":[{"href":"http:\/\/www.friessinger-backtec.de\/fr\/wp-json\/wp\/v2\/pages"}],"about":[{"href":"http:\/\/www.friessinger-backtec.de\/fr\/wp-json\/wp\/v2\/types\/page"}],"author":[{"embeddable":true,"href":"http:\/\/www.friessinger-backtec.de\/fr\/wp-json\/wp\/v2\/users\/1"}],"replies":[{"embeddable":true,"href":"http:\/\/www.friessinger-backtec.de\/fr\/wp-json\/wp\/v2\/comments?post=45"}],"version-history":[{"count":4,"href":"http:\/\/www.friessinger-backtec.de\/fr\/wp-json\/wp\/v2\/pages\/45\/revisions"}],"predecessor-version":[{"id":78,"href":"http:\/\/www.friessinger-backtec.de\/fr\/wp-json\/wp\/v2\/pages\/45\/revisions\/78"}],"wp:attachment":[{"href":"http:\/\/www.friessinger-backtec.de\/fr\/wp-json\/wp\/v2\/media?parent=45"}],"curies":[{"name":"wp","href":"https:\/\/api.w.org\/{rel}","templated":true}]}}