{"id":47,"date":"2015-12-02T01:36:54","date_gmt":"2015-12-02T00:36:54","guid":{"rendered":"http:\/\/www.friessinger-backtec.de\/fr\/?page_id=47"},"modified":"2024-05-14T13:25:34","modified_gmt":"2024-05-14T11:25:34","slug":"qualite","status":"publish","type":"page","link":"http:\/\/www.friessinger-backtec.de\/fr\/qualite\/","title":{"rendered":"Qualit\u00e9"},"content":{"rendered":"<div id=\"pl-47\"  class=\"panel-layout\" ><div id=\"pg-47-0\"  class=\"panel-grid panel-no-style\" ><div id=\"pgc-47-0-0\"  class=\"panel-grid-cell\" ><div id=\"panel-47-0-0-0\" class=\"so-panel widget widget_sow-editor panel-first-child panel-last-child\" data-index=\"0\" ><div\n\t\t\t\n\t\t\tclass=\"so-widget-sow-editor so-widget-sow-editor-base\"\n\t\t\t\n\t\t><h3 class=\"widget-title\">Nos objectifs sup\u00e9rieurs<\/h3>\n<div class=\"siteorigin-widget-tinymce textwidget\">\n\t<ul>\n<li>Respect de notre haut niveau de qualit\u00e9<\/li>\n<li>Elargissement constant de notre gamme de produits<\/li>\n<li>Am\u00e9lioration continue de notre qualit\u00e9<\/li>\n<\/ul>\n<p>Nous travaillons exclusivement avec des mati\u00e8res premi\u00e8res sans OGM.<\/p>\n<p>Le respect strict de la m\u00e9thode <strong>HACCP <\/strong>garantit l\u2019hygi\u00e8ne n\u00e9cessaire au plus haut niveau.<\/p>\n<p>Nos contr\u00f4les <strong>r\u00e9guliers<\/strong> de d\u00e9tection de substances toxiques renforcent notre politique en mati\u00e8re de qualit\u00e9.<\/p>\n<p>La production est r\u00e9alis\u00e9e avec un haut degr\u00e9 d'automatisation\u00a0dans des installations ferm\u00e9es.<\/p>\n<p>C\u2019est ainsi que nous garantissons la qualit\u00e9 et la s\u00e9curit\u00e9 des produits.<\/p>\n<\/div>\n<\/div><\/div><\/div><\/div><div id=\"pg-47-1\"  class=\"panel-grid panel-no-style\" ><div id=\"pgc-47-1-0\"  class=\"panel-grid-cell\" ><div id=\"panel-47-1-0-0\" class=\"so-panel widget widget_sow-editor panel-first-child panel-last-child\" data-index=\"1\" ><div\n\t\t\t\n\t\t\tclass=\"so-widget-sow-editor so-widget-sow-editor-base\"\n\t\t\t\n\t\t>\n<div class=\"siteorigin-widget-tinymce textwidget\">\n\t<hr \/>\n<h3 style=\"text-align: center;\"><strong>Par qualit\u00e9, nous entendons le retour du client et\u00a0non pas celui du produit\u00a0!<\/strong><\/h3>\n<\/div>\n<\/div><\/div><\/div><\/div><\/div>","protected":false},"excerpt":{"rendered":"<p>Respect de notre haut niveau de qualit\u00e9 Elargissement constant de notre gamme de produits Am\u00e9lioration continue de notre qualit\u00e9 Nous travaillons exclusivement avec des mati\u00e8res premi\u00e8res sans OGM. Le respect strict de la m\u00e9thode HACCP garantit l\u2019hygi\u00e8ne n\u00e9cessaire au plus haut niveau. Nos contr\u00f4les r\u00e9guliers de d\u00e9tection de substances toxiques renforcent notre politique en mati\u00e8re [&hellip;]<\/p>\n","protected":false},"author":1,"featured_media":0,"parent":0,"menu_order":0,"comment_status":"closed","ping_status":"closed","template":"","meta":{"footnotes":""},"yoast_head":"<!-- This site is optimized with the Yoast SEO plugin v22.7 - https:\/\/yoast.com\/wordpress\/plugins\/seo\/ -->\n<title>Qualit\u00e9 - Frie\u00dfinger Backtec GmbH<\/title>\n<meta name=\"robots\" content=\"index, follow, max-snippet:-1, max-image-preview:large, max-video-preview:-1\" \/>\n<link rel=\"canonical\" href=\"http:\/\/www.friessinger-backtec.de\/fr\/qualite\/\" \/>\n<meta property=\"og:locale\" content=\"de_DE\" \/>\n<meta property=\"og:type\" content=\"article\" \/>\n<meta property=\"og:title\" content=\"Qualit\u00e9 - Frie\u00dfinger Backtec GmbH\" \/>\n<meta property=\"og:description\" content=\"Respect de notre haut niveau de qualit\u00e9 Elargissement constant de notre gamme de produits Am\u00e9lioration continue de notre qualit\u00e9 Nous travaillons exclusivement avec des mati\u00e8res premi\u00e8res sans OGM. Le respect strict de la m\u00e9thode HACCP garantit l\u2019hygi\u00e8ne n\u00e9cessaire au plus haut niveau. Nos contr\u00f4les r\u00e9guliers de d\u00e9tection de substances toxiques renforcent notre politique en mati\u00e8re [&hellip;]\" \/>\n<meta property=\"og:url\" content=\"http:\/\/www.friessinger-backtec.de\/fr\/qualite\/\" \/>\n<meta property=\"og:site_name\" content=\"Frie\u00dfinger Backtec GmbH\" \/>\n<meta property=\"article:modified_time\" content=\"2024-05-14T11:25:34+00:00\" \/>\n<meta name=\"twitter:card\" content=\"summary_large_image\" \/>\n<meta name=\"twitter:label1\" content=\"Gesch\u00e4tzte Lesezeit\" \/>\n\t<meta name=\"twitter:data1\" content=\"2\u00a0Minuten\" \/>\n<script type=\"application\/ld+json\" class=\"yoast-schema-graph\">{\"@context\":\"https:\/\/schema.org\",\"@graph\":[{\"@type\":\"WebPage\",\"@id\":\"http:\/\/www.friessinger-backtec.de\/fr\/qualite\/\",\"url\":\"http:\/\/www.friessinger-backtec.de\/fr\/qualite\/\",\"name\":\"Qualit\u00e9 - Frie\u00dfinger Backtec GmbH\",\"isPartOf\":{\"@id\":\"http:\/\/www.friessinger-backtec.de\/fr\/#website\"},\"datePublished\":\"2015-12-02T00:36:54+00:00\",\"dateModified\":\"2024-05-14T11:25:34+00:00\",\"breadcrumb\":{\"@id\":\"http:\/\/www.friessinger-backtec.de\/fr\/qualite\/#breadcrumb\"},\"inLanguage\":\"de\",\"potentialAction\":[{\"@type\":\"ReadAction\",\"target\":[\"http:\/\/www.friessinger-backtec.de\/fr\/qualite\/\"]}]},{\"@type\":\"BreadcrumbList\",\"@id\":\"http:\/\/www.friessinger-backtec.de\/fr\/qualite\/#breadcrumb\",\"itemListElement\":[{\"@type\":\"ListItem\",\"position\":1,\"name\":\"Home\",\"item\":\"http:\/\/www.friessinger-backtec.de\/fr\/\"},{\"@type\":\"ListItem\",\"position\":2,\"name\":\"Qualit\u00e9\"}]},{\"@type\":\"WebSite\",\"@id\":\"http:\/\/www.friessinger-backtec.de\/fr\/#website\",\"url\":\"http:\/\/www.friessinger-backtec.de\/fr\/\",\"name\":\"Frie\u00dfinger Backtec GmbH\",\"description\":\"\",\"publisher\":{\"@id\":\"http:\/\/www.friessinger-backtec.de\/fr\/#organization\"},\"potentialAction\":[{\"@type\":\"SearchAction\",\"target\":{\"@type\":\"EntryPoint\",\"urlTemplate\":\"http:\/\/www.friessinger-backtec.de\/fr\/?s={search_term_string}\"},\"query-input\":\"required name=search_term_string\"}],\"inLanguage\":\"de\"},{\"@type\":\"Organization\",\"@id\":\"http:\/\/www.friessinger-backtec.de\/fr\/#organization\",\"name\":\"Frie\u00dfinger Backtec GmbH\",\"url\":\"http:\/\/www.friessinger-backtec.de\/fr\/\",\"logo\":{\"@type\":\"ImageObject\",\"inLanguage\":\"de\",\"@id\":\"http:\/\/www.friessinger-backtec.de\/fr\/#\/schema\/logo\/image\/\",\"url\":\"http:\/\/www.friessinger-backtec.de\/fr\/wp-content\/uploads\/sites\/3\/2020\/08\/Logo-Backtec-2.png\",\"contentUrl\":\"http:\/\/www.friessinger-backtec.de\/fr\/wp-content\/uploads\/sites\/3\/2020\/08\/Logo-Backtec-2.png\",\"width\":469,\"height\":219,\"caption\":\"Frie\u00dfinger Backtec GmbH\"},\"image\":{\"@id\":\"http:\/\/www.friessinger-backtec.de\/fr\/#\/schema\/logo\/image\/\"}}]}<\/script>\n<!-- \/ Yoast SEO plugin. -->","yoast_head_json":{"title":"Qualit\u00e9 - Frie\u00dfinger Backtec GmbH","robots":{"index":"index","follow":"follow","max-snippet":"max-snippet:-1","max-image-preview":"max-image-preview:large","max-video-preview":"max-video-preview:-1"},"canonical":"http:\/\/www.friessinger-backtec.de\/fr\/qualite\/","og_locale":"de_DE","og_type":"article","og_title":"Qualit\u00e9 - Frie\u00dfinger Backtec GmbH","og_description":"Respect de notre haut niveau de qualit\u00e9 Elargissement constant de notre gamme de produits Am\u00e9lioration continue de notre qualit\u00e9 Nous travaillons exclusivement avec des mati\u00e8res premi\u00e8res sans OGM. Le respect strict de la m\u00e9thode HACCP garantit l\u2019hygi\u00e8ne n\u00e9cessaire au plus haut niveau. Nos contr\u00f4les r\u00e9guliers de d\u00e9tection de substances toxiques renforcent notre politique en mati\u00e8re [&hellip;]","og_url":"http:\/\/www.friessinger-backtec.de\/fr\/qualite\/","og_site_name":"Frie\u00dfinger Backtec GmbH","article_modified_time":"2024-05-14T11:25:34+00:00","twitter_card":"summary_large_image","twitter_misc":{"Gesch\u00e4tzte Lesezeit":"2\u00a0Minuten"},"schema":{"@context":"https:\/\/schema.org","@graph":[{"@type":"WebPage","@id":"http:\/\/www.friessinger-backtec.de\/fr\/qualite\/","url":"http:\/\/www.friessinger-backtec.de\/fr\/qualite\/","name":"Qualit\u00e9 - Frie\u00dfinger Backtec GmbH","isPartOf":{"@id":"http:\/\/www.friessinger-backtec.de\/fr\/#website"},"datePublished":"2015-12-02T00:36:54+00:00","dateModified":"2024-05-14T11:25:34+00:00","breadcrumb":{"@id":"http:\/\/www.friessinger-backtec.de\/fr\/qualite\/#breadcrumb"},"inLanguage":"de","potentialAction":[{"@type":"ReadAction","target":["http:\/\/www.friessinger-backtec.de\/fr\/qualite\/"]}]},{"@type":"BreadcrumbList","@id":"http:\/\/www.friessinger-backtec.de\/fr\/qualite\/#breadcrumb","itemListElement":[{"@type":"ListItem","position":1,"name":"Home","item":"http:\/\/www.friessinger-backtec.de\/fr\/"},{"@type":"ListItem","position":2,"name":"Qualit\u00e9"}]},{"@type":"WebSite","@id":"http:\/\/www.friessinger-backtec.de\/fr\/#website","url":"http:\/\/www.friessinger-backtec.de\/fr\/","name":"Frie\u00dfinger Backtec GmbH","description":"","publisher":{"@id":"http:\/\/www.friessinger-backtec.de\/fr\/#organization"},"potentialAction":[{"@type":"SearchAction","target":{"@type":"EntryPoint","urlTemplate":"http:\/\/www.friessinger-backtec.de\/fr\/?s={search_term_string}"},"query-input":"required name=search_term_string"}],"inLanguage":"de"},{"@type":"Organization","@id":"http:\/\/www.friessinger-backtec.de\/fr\/#organization","name":"Frie\u00dfinger Backtec GmbH","url":"http:\/\/www.friessinger-backtec.de\/fr\/","logo":{"@type":"ImageObject","inLanguage":"de","@id":"http:\/\/www.friessinger-backtec.de\/fr\/#\/schema\/logo\/image\/","url":"http:\/\/www.friessinger-backtec.de\/fr\/wp-content\/uploads\/sites\/3\/2020\/08\/Logo-Backtec-2.png","contentUrl":"http:\/\/www.friessinger-backtec.de\/fr\/wp-content\/uploads\/sites\/3\/2020\/08\/Logo-Backtec-2.png","width":469,"height":219,"caption":"Frie\u00dfinger Backtec GmbH"},"image":{"@id":"http:\/\/www.friessinger-backtec.de\/fr\/#\/schema\/logo\/image\/"}}]}},"_links":{"self":[{"href":"http:\/\/www.friessinger-backtec.de\/fr\/wp-json\/wp\/v2\/pages\/47"}],"collection":[{"href":"http:\/\/www.friessinger-backtec.de\/fr\/wp-json\/wp\/v2\/pages"}],"about":[{"href":"http:\/\/www.friessinger-backtec.de\/fr\/wp-json\/wp\/v2\/types\/page"}],"author":[{"embeddable":true,"href":"http:\/\/www.friessinger-backtec.de\/fr\/wp-json\/wp\/v2\/users\/1"}],"replies":[{"embeddable":true,"href":"http:\/\/www.friessinger-backtec.de\/fr\/wp-json\/wp\/v2\/comments?post=47"}],"version-history":[{"count":11,"href":"http:\/\/www.friessinger-backtec.de\/fr\/wp-json\/wp\/v2\/pages\/47\/revisions"}],"predecessor-version":[{"id":100,"href":"http:\/\/www.friessinger-backtec.de\/fr\/wp-json\/wp\/v2\/pages\/47\/revisions\/100"}],"wp:attachment":[{"href":"http:\/\/www.friessinger-backtec.de\/fr\/wp-json\/wp\/v2\/media?parent=47"}],"curies":[{"name":"wp","href":"https:\/\/api.w.org\/{rel}","templated":true}]}}