{"id":51,"date":"2015-12-02T01:42:15","date_gmt":"2015-12-02T00:42:15","guid":{"rendered":"http:\/\/www.friessinger-backtec.de\/fr\/?page_id=51"},"modified":"2017-12-19T11:45:54","modified_gmt":"2017-12-19T10:45:54","slug":"services","status":"publish","type":"page","link":"http:\/\/www.friessinger-backtec.de\/fr\/services\/","title":{"rendered":"Services"},"content":{"rendered":"<div id=\"pl-51\"  class=\"panel-layout\" ><div id=\"pg-51-0\"  class=\"panel-grid panel-no-style\" ><div id=\"pgc-51-0-0\"  class=\"panel-grid-cell\" ><div id=\"panel-51-0-0-0\" class=\"so-panel widget widget_sow-slider panel-first-child panel-last-child\" data-index=\"0\" ><div\n\t\t\t\n\t\t\tclass=\"so-widget-sow-slider so-widget-sow-slider-default-a7c5bcd581e2-51\"\n\t\t\t\n\t\t>\t\t\t\t<div class=\"sow-slider-base\" style=\"display: none\" tabindex=\"0\">\n\t\t\t\t\t<ul\n\t\t\t\t\tclass=\"sow-slider-images\"\n\t\t\t\t\tdata-settings=\"{&quot;pagination&quot;:true,&quot;speed&quot;:800,&quot;timeout&quot;:3000,&quot;paused&quot;:false,&quot;pause_on_hover&quot;:false,&quot;swipe&quot;:true,&quot;nav_always_show_desktop&quot;:&quot;&quot;,&quot;nav_always_show_mobile&quot;:&quot;&quot;,&quot;breakpoint&quot;:&quot;780px&quot;,&quot;unmute&quot;:false,&quot;anchor&quot;:null}\"\n\t\t\t\t\t\t\t\t\t\tdata-anchor-id=\"\"\n\t\t\t\t>\t\t<li class=\"sow-slider-image\" style=\"visibility: visible;\" >\n\t\t\t\t\t\t\t\t<\/li>\n\t\t\t\t<li class=\"sow-slider-image\" style=\"visibility: hidden;\" >\n\t\t\t\t\t\t\t\t<\/li>\n\t\t<\/ul>\t\t\t\t<ol class=\"sow-slider-pagination\">\n\t\t\t\t\t\t\t\t\t\t\t<li><a href=\"#\" data-goto=\"0\" aria-label=\"display slide 1\"><\/a><\/li>\n\t\t\t\t\t\t\t\t\t\t\t<li><a href=\"#\" data-goto=\"1\" aria-label=\"display slide 2\"><\/a><\/li>\n\t\t\t\t\t\t\t\t\t<\/ol>\n\n\t\t\t\t<div class=\"sow-slide-nav sow-slide-nav-next\">\n\t\t\t\t\t<a href=\"#\" data-goto=\"next\" aria-label=\"next slide\" data-action=\"next\">\n\t\t\t\t\t\t<em class=\"sow-sld-icon-thin-right\"><\/em>\n\t\t\t\t\t<\/a>\n\t\t\t\t<\/div>\n\n\t\t\t\t<div class=\"sow-slide-nav sow-slide-nav-prev\">\n\t\t\t\t\t<a href=\"#\" data-goto=\"previous\" aria-label=\"previous slide\" data-action=\"prev\">\n\t\t\t\t\t\t<em class=\"sow-sld-icon-thin-left\"><\/em>\n\t\t\t\t\t<\/a>\n\t\t\t\t<\/div>\n\t\t\t\t<\/div><\/div><\/div><\/div><div id=\"pgc-51-0-1\"  class=\"panel-grid-cell\" ><div id=\"panel-51-0-1-0\" class=\"so-panel widget widget_sow-editor panel-first-child panel-last-child\" data-index=\"1\" ><div\n\t\t\t\n\t\t\tclass=\"so-widget-sow-editor so-widget-sow-editor-base\"\n\t\t\t\n\t\t><h3 class=\"widget-title\">Notre offre de services:<\/h3>\n<div class=\"siteorigin-widget-tinymce textwidget\">\n\t<ul>\n<li><strong>Micronisation (broyage tr\u00e8s fin)<\/strong><\/li>\n<\/ul>\n<div style=\"text-align: left; padding-left: 60px;\" align=\"center\"><span lang=\"EN-GB\">Nous traitons les mati\u00e8res premi\u00e8res pour les transformer en marchandises tr\u00e8s raffin\u00e9es, en poudre et en vrac, \u00e0 l'aide de technologies sophistiqu\u00e9es. \u00a0Nous broyons vos mati\u00e8res premi\u00e8res et r\u00e9duisons leur taille de 200 \u00b5m \u00e0 25 \u00b5m.<\/span><\/div>\n<div style=\"text-align: left; padding-left: 90px;\" align=\"center\">- Des c\u00e9r\u00e9ales en farines compl\u00e8tes jusqu'\u00e0 200 \u00b5m<\/div>\n<div style=\"text-align: left; padding-left: 90px;\" align=\"center\">- Micronisation de produits\u00a0\u00e0 base de de son &gt; 200 \u00b5m<\/div>\n<div style=\"text-align: left; padding-left: 90px;\" align=\"center\">- Farine de germes de bl\u00e9 complets &gt; 200 \u00b5m<\/div>\n<div style=\"text-align: left; padding-left: 90px;\" align=\"center\">- La micronisation des farines (en vente dans le commerce) perment d'augmenter la r\u00e9tention d'eau de 20% (int\u00e9ressant pour la production de produits surgel\u00e9s).<\/div>\n<ul>\n<li><strong>M\u00e9langes<\/strong>\u00a0selon les sp\u00e9cifications du client<\/li>\n<li><strong>Extrusion<\/strong><\/li>\n<li><strong>Stockage\u00a0et transbordement\u00a0de c\u00e9r\u00e9ales<\/strong><\/li>\n<\/ul>\n<p style=\"padding-left: 60px;\">\u2192 Possibilit\u00e9 de transport maritime, routier ou ferroviaire.<\/p>\n<\/div>\n<\/div><\/div><\/div><\/div><div id=\"pg-51-1\"  class=\"panel-grid panel-no-style\" ><div id=\"pgc-51-1-0\"  class=\"panel-grid-cell\" ><div id=\"panel-51-1-0-0\" class=\"so-panel widget widget_sow-editor panel-first-child panel-last-child\" data-index=\"2\" ><div\n\t\t\t\n\t\t\tclass=\"so-widget-sow-editor so-widget-sow-editor-base\"\n\t\t\t\n\t\t>\n<div class=\"siteorigin-widget-tinymce textwidget\">\n\t<hr \/>\n<h3 style=\"text-align: center;\"><strong>Adoptez nos possibilit\u00e9s diverses dans vos processus et profitez de nos capacit\u00e9s pour la production sur commande\u00a0!<\/strong><\/h3>\n<p><img loading=\"lazy\" decoding=\"async\" class=\"aligncenter wp-image-228\" src=\"http:\/\/www.friessinger-backtec.de\/fr\/wp-content\/uploads\/sites\/3\/2015\/12\/auftragpfeile_fr.png\" alt=\"auftragpfeile_fr\" width=\"490\" height=\"178\" \/><\/p>\n<\/div>\n<\/div><\/div><\/div><\/div><\/div>","protected":false},"excerpt":{"rendered":"<p>Micronisation (broyage tr\u00e8s fin)Nous traitons les mati\u00e8res premi\u00e8res pour les transformer en marchandises tr\u00e8s raffin\u00e9es, en poudre et en vrac, \u00e0 l&#8217;aide de technologies sophistiqu\u00e9es. \u00a0Nous broyons vos mati\u00e8res premi\u00e8res et r\u00e9duisons leur taille de 200 \u00b5m \u00e0 25 \u00b5m.- Des c\u00e9r\u00e9ales en farines compl\u00e8tes jusqu&#8217;\u00e0 200 \u00b5m- Micronisation de produits\u00a0\u00e0 base de de son [&hellip;]<\/p>\n","protected":false},"author":1,"featured_media":0,"parent":0,"menu_order":0,"comment_status":"closed","ping_status":"closed","template":"templates\/template-full-notitle.php","meta":{"footnotes":""},"yoast_head":"<!-- This site is optimized with the Yoast SEO plugin v22.7 - https:\/\/yoast.com\/wordpress\/plugins\/seo\/ -->\n<title>Services - Frie\u00dfinger Backtec GmbH<\/title>\n<meta name=\"robots\" content=\"index, follow, max-snippet:-1, max-image-preview:large, max-video-preview:-1\" \/>\n<link rel=\"canonical\" href=\"http:\/\/www.friessinger-backtec.de\/fr\/services\/\" \/>\n<meta property=\"og:locale\" content=\"de_DE\" \/>\n<meta property=\"og:type\" content=\"article\" \/>\n<meta property=\"og:title\" content=\"Services - Frie\u00dfinger Backtec GmbH\" \/>\n<meta property=\"og:description\" content=\"Micronisation (broyage tr\u00e8s fin)Nous traitons les mati\u00e8res premi\u00e8res pour les transformer en marchandises tr\u00e8s raffin\u00e9es, en poudre et en vrac, \u00e0 l&#039;aide de technologies sophistiqu\u00e9es. \u00a0Nous broyons vos mati\u00e8res premi\u00e8res et r\u00e9duisons leur taille de 200 \u00b5m \u00e0 25 \u00b5m.- Des c\u00e9r\u00e9ales en farines compl\u00e8tes jusqu&#039;\u00e0 200 \u00b5m- Micronisation de produits\u00a0\u00e0 base de de son [&hellip;]\" \/>\n<meta property=\"og:url\" content=\"http:\/\/www.friessinger-backtec.de\/fr\/services\/\" \/>\n<meta property=\"og:site_name\" content=\"Frie\u00dfinger Backtec GmbH\" \/>\n<meta property=\"article:modified_time\" content=\"2017-12-19T10:45:54+00:00\" \/>\n<meta property=\"og:image\" content=\"http:\/\/www.friessinger-backtec.de\/fr\/wp-content\/uploads\/sites\/3\/2015\/12\/auftragpfeile_fr.png\" \/>\n<meta name=\"twitter:card\" content=\"summary_large_image\" \/>\n<meta name=\"twitter:label1\" content=\"Gesch\u00e4tzte Lesezeit\" \/>\n\t<meta name=\"twitter:data1\" content=\"1\u00a0Minute\" \/>\n<script type=\"application\/ld+json\" class=\"yoast-schema-graph\">{\"@context\":\"https:\/\/schema.org\",\"@graph\":[{\"@type\":\"WebPage\",\"@id\":\"http:\/\/www.friessinger-backtec.de\/fr\/services\/\",\"url\":\"http:\/\/www.friessinger-backtec.de\/fr\/services\/\",\"name\":\"Services - Frie\u00dfinger Backtec GmbH\",\"isPartOf\":{\"@id\":\"http:\/\/www.friessinger-backtec.de\/fr\/#website\"},\"primaryImageOfPage\":{\"@id\":\"http:\/\/www.friessinger-backtec.de\/fr\/services\/#primaryimage\"},\"image\":{\"@id\":\"http:\/\/www.friessinger-backtec.de\/fr\/services\/#primaryimage\"},\"thumbnailUrl\":\"http:\/\/www.friessinger-backtec.de\/fr\/wp-content\/uploads\/sites\/3\/2015\/12\/auftragpfeile_fr.png\",\"datePublished\":\"2015-12-02T00:42:15+00:00\",\"dateModified\":\"2017-12-19T10:45:54+00:00\",\"breadcrumb\":{\"@id\":\"http:\/\/www.friessinger-backtec.de\/fr\/services\/#breadcrumb\"},\"inLanguage\":\"de\",\"potentialAction\":[{\"@type\":\"ReadAction\",\"target\":[\"http:\/\/www.friessinger-backtec.de\/fr\/services\/\"]}]},{\"@type\":\"ImageObject\",\"inLanguage\":\"de\",\"@id\":\"http:\/\/www.friessinger-backtec.de\/fr\/services\/#primaryimage\",\"url\":\"http:\/\/www.friessinger-backtec.de\/fr\/wp-content\/uploads\/sites\/3\/2015\/12\/auftragpfeile_fr.png\",\"contentUrl\":\"http:\/\/www.friessinger-backtec.de\/fr\/wp-content\/uploads\/sites\/3\/2015\/12\/auftragpfeile_fr.png\",\"width\":895,\"height\":326},{\"@type\":\"BreadcrumbList\",\"@id\":\"http:\/\/www.friessinger-backtec.de\/fr\/services\/#breadcrumb\",\"itemListElement\":[{\"@type\":\"ListItem\",\"position\":1,\"name\":\"Home\",\"item\":\"http:\/\/www.friessinger-backtec.de\/fr\/\"},{\"@type\":\"ListItem\",\"position\":2,\"name\":\"Services\"}]},{\"@type\":\"WebSite\",\"@id\":\"http:\/\/www.friessinger-backtec.de\/fr\/#website\",\"url\":\"http:\/\/www.friessinger-backtec.de\/fr\/\",\"name\":\"Frie\u00dfinger Backtec GmbH\",\"description\":\"\",\"publisher\":{\"@id\":\"http:\/\/www.friessinger-backtec.de\/fr\/#organization\"},\"potentialAction\":[{\"@type\":\"SearchAction\",\"target\":{\"@type\":\"EntryPoint\",\"urlTemplate\":\"http:\/\/www.friessinger-backtec.de\/fr\/?s={search_term_string}\"},\"query-input\":\"required name=search_term_string\"}],\"inLanguage\":\"de\"},{\"@type\":\"Organization\",\"@id\":\"http:\/\/www.friessinger-backtec.de\/fr\/#organization\",\"name\":\"Frie\u00dfinger Backtec GmbH\",\"url\":\"http:\/\/www.friessinger-backtec.de\/fr\/\",\"logo\":{\"@type\":\"ImageObject\",\"inLanguage\":\"de\",\"@id\":\"http:\/\/www.friessinger-backtec.de\/fr\/#\/schema\/logo\/image\/\",\"url\":\"http:\/\/www.friessinger-backtec.de\/fr\/wp-content\/uploads\/sites\/3\/2020\/08\/Logo-Backtec-2.png\",\"contentUrl\":\"http:\/\/www.friessinger-backtec.de\/fr\/wp-content\/uploads\/sites\/3\/2020\/08\/Logo-Backtec-2.png\",\"width\":469,\"height\":219,\"caption\":\"Frie\u00dfinger Backtec GmbH\"},\"image\":{\"@id\":\"http:\/\/www.friessinger-backtec.de\/fr\/#\/schema\/logo\/image\/\"}}]}<\/script>\n<!-- \/ Yoast SEO plugin. -->","yoast_head_json":{"title":"Services - Frie\u00dfinger Backtec GmbH","robots":{"index":"index","follow":"follow","max-snippet":"max-snippet:-1","max-image-preview":"max-image-preview:large","max-video-preview":"max-video-preview:-1"},"canonical":"http:\/\/www.friessinger-backtec.de\/fr\/services\/","og_locale":"de_DE","og_type":"article","og_title":"Services - Frie\u00dfinger Backtec GmbH","og_description":"Micronisation (broyage tr\u00e8s fin)Nous traitons les mati\u00e8res premi\u00e8res pour les transformer en marchandises tr\u00e8s raffin\u00e9es, en poudre et en vrac, \u00e0 l'aide de technologies sophistiqu\u00e9es. \u00a0Nous broyons vos mati\u00e8res premi\u00e8res et r\u00e9duisons leur taille de 200 \u00b5m \u00e0 25 \u00b5m.- Des c\u00e9r\u00e9ales en farines compl\u00e8tes jusqu'\u00e0 200 \u00b5m- Micronisation de produits\u00a0\u00e0 base de de son [&hellip;]","og_url":"http:\/\/www.friessinger-backtec.de\/fr\/services\/","og_site_name":"Frie\u00dfinger Backtec GmbH","article_modified_time":"2017-12-19T10:45:54+00:00","og_image":[{"url":"http:\/\/www.friessinger-backtec.de\/fr\/wp-content\/uploads\/sites\/3\/2015\/12\/auftragpfeile_fr.png"}],"twitter_card":"summary_large_image","twitter_misc":{"Gesch\u00e4tzte Lesezeit":"1\u00a0Minute"},"schema":{"@context":"https:\/\/schema.org","@graph":[{"@type":"WebPage","@id":"http:\/\/www.friessinger-backtec.de\/fr\/services\/","url":"http:\/\/www.friessinger-backtec.de\/fr\/services\/","name":"Services - Frie\u00dfinger Backtec GmbH","isPartOf":{"@id":"http:\/\/www.friessinger-backtec.de\/fr\/#website"},"primaryImageOfPage":{"@id":"http:\/\/www.friessinger-backtec.de\/fr\/services\/#primaryimage"},"image":{"@id":"http:\/\/www.friessinger-backtec.de\/fr\/services\/#primaryimage"},"thumbnailUrl":"http:\/\/www.friessinger-backtec.de\/fr\/wp-content\/uploads\/sites\/3\/2015\/12\/auftragpfeile_fr.png","datePublished":"2015-12-02T00:42:15+00:00","dateModified":"2017-12-19T10:45:54+00:00","breadcrumb":{"@id":"http:\/\/www.friessinger-backtec.de\/fr\/services\/#breadcrumb"},"inLanguage":"de","potentialAction":[{"@type":"ReadAction","target":["http:\/\/www.friessinger-backtec.de\/fr\/services\/"]}]},{"@type":"ImageObject","inLanguage":"de","@id":"http:\/\/www.friessinger-backtec.de\/fr\/services\/#primaryimage","url":"http:\/\/www.friessinger-backtec.de\/fr\/wp-content\/uploads\/sites\/3\/2015\/12\/auftragpfeile_fr.png","contentUrl":"http:\/\/www.friessinger-backtec.de\/fr\/wp-content\/uploads\/sites\/3\/2015\/12\/auftragpfeile_fr.png","width":895,"height":326},{"@type":"BreadcrumbList","@id":"http:\/\/www.friessinger-backtec.de\/fr\/services\/#breadcrumb","itemListElement":[{"@type":"ListItem","position":1,"name":"Home","item":"http:\/\/www.friessinger-backtec.de\/fr\/"},{"@type":"ListItem","position":2,"name":"Services"}]},{"@type":"WebSite","@id":"http:\/\/www.friessinger-backtec.de\/fr\/#website","url":"http:\/\/www.friessinger-backtec.de\/fr\/","name":"Frie\u00dfinger Backtec GmbH","description":"","publisher":{"@id":"http:\/\/www.friessinger-backtec.de\/fr\/#organization"},"potentialAction":[{"@type":"SearchAction","target":{"@type":"EntryPoint","urlTemplate":"http:\/\/www.friessinger-backtec.de\/fr\/?s={search_term_string}"},"query-input":"required name=search_term_string"}],"inLanguage":"de"},{"@type":"Organization","@id":"http:\/\/www.friessinger-backtec.de\/fr\/#organization","name":"Frie\u00dfinger Backtec GmbH","url":"http:\/\/www.friessinger-backtec.de\/fr\/","logo":{"@type":"ImageObject","inLanguage":"de","@id":"http:\/\/www.friessinger-backtec.de\/fr\/#\/schema\/logo\/image\/","url":"http:\/\/www.friessinger-backtec.de\/fr\/wp-content\/uploads\/sites\/3\/2020\/08\/Logo-Backtec-2.png","contentUrl":"http:\/\/www.friessinger-backtec.de\/fr\/wp-content\/uploads\/sites\/3\/2020\/08\/Logo-Backtec-2.png","width":469,"height":219,"caption":"Frie\u00dfinger Backtec GmbH"},"image":{"@id":"http:\/\/www.friessinger-backtec.de\/fr\/#\/schema\/logo\/image\/"}}]}},"_links":{"self":[{"href":"http:\/\/www.friessinger-backtec.de\/fr\/wp-json\/wp\/v2\/pages\/51"}],"collection":[{"href":"http:\/\/www.friessinger-backtec.de\/fr\/wp-json\/wp\/v2\/pages"}],"about":[{"href":"http:\/\/www.friessinger-backtec.de\/fr\/wp-json\/wp\/v2\/types\/page"}],"author":[{"embeddable":true,"href":"http:\/\/www.friessinger-backtec.de\/fr\/wp-json\/wp\/v2\/users\/1"}],"replies":[{"embeddable":true,"href":"http:\/\/www.friessinger-backtec.de\/fr\/wp-json\/wp\/v2\/comments?post=51"}],"version-history":[{"count":4,"href":"http:\/\/www.friessinger-backtec.de\/fr\/wp-json\/wp\/v2\/pages\/51\/revisions"}],"predecessor-version":[{"id":80,"href":"http:\/\/www.friessinger-backtec.de\/fr\/wp-json\/wp\/v2\/pages\/51\/revisions\/80"}],"wp:attachment":[{"href":"http:\/\/www.friessinger-backtec.de\/fr\/wp-json\/wp\/v2\/media?parent=51"}],"curies":[{"name":"wp","href":"https:\/\/api.w.org\/{rel}","templated":true}]}}