{"id":82,"date":"2018-03-07T13:11:41","date_gmt":"2018-03-07T12:11:41","guid":{"rendered":"http:\/\/www.friessinger-backtec.de\/fr\/?page_id=82"},"modified":"2024-05-14T13:24:56","modified_gmt":"2024-05-14T11:24:56","slug":"contact","status":"publish","type":"page","link":"http:\/\/www.friessinger-backtec.de\/fr\/contact\/","title":{"rendered":"Contact"},"content":{"rendered":"<div id=\"pl-82\"  class=\"panel-layout\" ><div id=\"pg-82-0\"  class=\"panel-grid panel-no-style\" ><div id=\"pgc-82-0-0\"  class=\"panel-grid-cell panel-grid-cell-empty\" ><\/div><\/div><div id=\"pg-82-1\"  class=\"panel-grid panel-no-style\" ><div id=\"pgc-82-1-0\"  class=\"panel-grid-cell\" ><div id=\"panel-82-1-0-0\" class=\"so-panel widget widget_sow-editor panel-first-child panel-last-child\" data-index=\"0\" ><div\n\t\t\t\n\t\t\tclass=\"so-widget-sow-editor so-widget-sow-editor-base\"\n\t\t\t\n\t\t>\n<div class=\"siteorigin-widget-tinymce textwidget\">\n\t<p>Willi Erich Frie\u00dfinger<br \/> Directeur G\u00e9n\u00e9ral<br \/> +49 711 91895520<br \/> &#x69;&#x6e;&#102;&#111;&#64;f&#x72;&#x69;&#x65;&#115;&#115;in&#x67;&#x65;&#x72;&#45;&#98;a&#x63;&#x6b;&#x74;&#101;&#99;&#46;d&#x65;<\/p>\n<\/div>\n<\/div><\/div><\/div><div id=\"pgc-82-1-1\"  class=\"panel-grid-cell panel-grid-cell-empty\" ><\/div><div id=\"pgc-82-1-2\"  class=\"panel-grid-cell panel-grid-cell-empty panel-grid-cell-mobile-last\" ><\/div><div id=\"pgc-82-1-3\"  class=\"panel-grid-cell panel-grid-cell-empty\" ><\/div><\/div><div id=\"pg-82-2\"  class=\"panel-grid panel-no-style\" ><div id=\"pgc-82-2-0\"  class=\"panel-grid-cell panel-grid-cell-empty\" ><\/div><div id=\"pgc-82-2-1\"  class=\"panel-grid-cell panel-grid-cell-empty\" ><\/div><div id=\"pgc-82-2-2\"  class=\"panel-grid-cell panel-grid-cell-empty panel-grid-cell-mobile-last\" ><\/div><div id=\"pgc-82-2-3\"  class=\"panel-grid-cell panel-grid-cell-empty\" ><\/div><\/div><\/div>","protected":false},"excerpt":{"rendered":"<p>Willi Erich Frie\u00dfinger Directeur G\u00e9n\u00e9ral +49 711 91895520 &#x69;&#x6e;&#102;o&#x40;&#x66;&#114;ie&#x73;&#x73;&#105;n&#x67;&#x65;&#114;&#45;b&#x61;&#x63;&#107;t&#x65;&#x63;&#46;&#100;e<\/p>\n","protected":false},"author":1,"featured_media":0,"parent":0,"menu_order":0,"comment_status":"closed","ping_status":"closed","template":"","meta":{"footnotes":""},"yoast_head":"<!-- This site is optimized with the Yoast SEO plugin v22.7 - https:\/\/yoast.com\/wordpress\/plugins\/seo\/ -->\n<title>Contact - Frie\u00dfinger Backtec GmbH<\/title>\n<meta name=\"robots\" content=\"index, follow, max-snippet:-1, max-image-preview:large, max-video-preview:-1\" \/>\n<link rel=\"canonical\" href=\"http:\/\/www.friessinger-backtec.de\/fr\/contact\/\" \/>\n<meta property=\"og:locale\" content=\"de_DE\" \/>\n<meta property=\"og:type\" content=\"article\" \/>\n<meta property=\"og:title\" content=\"Contact - Frie\u00dfinger Backtec GmbH\" \/>\n<meta property=\"og:description\" content=\"Willi Erich Frie\u00dfinger Directeur G\u00e9n\u00e9ral +49 711 91895520 info@friessinger-backtec.de\" \/>\n<meta property=\"og:url\" content=\"http:\/\/www.friessinger-backtec.de\/fr\/contact\/\" \/>\n<meta property=\"og:site_name\" content=\"Frie\u00dfinger Backtec GmbH\" \/>\n<meta property=\"article:modified_time\" content=\"2024-05-14T11:24:56+00:00\" \/>\n<meta name=\"twitter:card\" content=\"summary_large_image\" \/>\n<meta name=\"twitter:label1\" content=\"Gesch\u00e4tzte Lesezeit\" \/>\n\t<meta name=\"twitter:data1\" content=\"1\u00a0Minute\" \/>\n<script type=\"application\/ld+json\" class=\"yoast-schema-graph\">{\"@context\":\"https:\/\/schema.org\",\"@graph\":[{\"@type\":\"WebPage\",\"@id\":\"http:\/\/www.friessinger-backtec.de\/fr\/contact\/\",\"url\":\"http:\/\/www.friessinger-backtec.de\/fr\/contact\/\",\"name\":\"Contact - Frie\u00dfinger Backtec GmbH\",\"isPartOf\":{\"@id\":\"http:\/\/www.friessinger-backtec.de\/fr\/#website\"},\"datePublished\":\"2018-03-07T12:11:41+00:00\",\"dateModified\":\"2024-05-14T11:24:56+00:00\",\"breadcrumb\":{\"@id\":\"http:\/\/www.friessinger-backtec.de\/fr\/contact\/#breadcrumb\"},\"inLanguage\":\"de\",\"potentialAction\":[{\"@type\":\"ReadAction\",\"target\":[\"http:\/\/www.friessinger-backtec.de\/fr\/contact\/\"]}]},{\"@type\":\"BreadcrumbList\",\"@id\":\"http:\/\/www.friessinger-backtec.de\/fr\/contact\/#breadcrumb\",\"itemListElement\":[{\"@type\":\"ListItem\",\"position\":1,\"name\":\"Home\",\"item\":\"http:\/\/www.friessinger-backtec.de\/fr\/\"},{\"@type\":\"ListItem\",\"position\":2,\"name\":\"Contact\"}]},{\"@type\":\"WebSite\",\"@id\":\"http:\/\/www.friessinger-backtec.de\/fr\/#website\",\"url\":\"http:\/\/www.friessinger-backtec.de\/fr\/\",\"name\":\"Frie\u00dfinger Backtec GmbH\",\"description\":\"\",\"publisher\":{\"@id\":\"http:\/\/www.friessinger-backtec.de\/fr\/#organization\"},\"potentialAction\":[{\"@type\":\"SearchAction\",\"target\":{\"@type\":\"EntryPoint\",\"urlTemplate\":\"http:\/\/www.friessinger-backtec.de\/fr\/?s={search_term_string}\"},\"query-input\":\"required name=search_term_string\"}],\"inLanguage\":\"de\"},{\"@type\":\"Organization\",\"@id\":\"http:\/\/www.friessinger-backtec.de\/fr\/#organization\",\"name\":\"Frie\u00dfinger Backtec GmbH\",\"url\":\"http:\/\/www.friessinger-backtec.de\/fr\/\",\"logo\":{\"@type\":\"ImageObject\",\"inLanguage\":\"de\",\"@id\":\"http:\/\/www.friessinger-backtec.de\/fr\/#\/schema\/logo\/image\/\",\"url\":\"http:\/\/www.friessinger-backtec.de\/fr\/wp-content\/uploads\/sites\/3\/2020\/08\/Logo-Backtec-2.png\",\"contentUrl\":\"http:\/\/www.friessinger-backtec.de\/fr\/wp-content\/uploads\/sites\/3\/2020\/08\/Logo-Backtec-2.png\",\"width\":469,\"height\":219,\"caption\":\"Frie\u00dfinger Backtec GmbH\"},\"image\":{\"@id\":\"http:\/\/www.friessinger-backtec.de\/fr\/#\/schema\/logo\/image\/\"}}]}<\/script>\n<!-- \/ Yoast SEO plugin. -->","yoast_head_json":{"title":"Contact - Frie\u00dfinger Backtec GmbH","robots":{"index":"index","follow":"follow","max-snippet":"max-snippet:-1","max-image-preview":"max-image-preview:large","max-video-preview":"max-video-preview:-1"},"canonical":"http:\/\/www.friessinger-backtec.de\/fr\/contact\/","og_locale":"de_DE","og_type":"article","og_title":"Contact - Frie\u00dfinger Backtec GmbH","og_description":"Willi Erich Frie\u00dfinger Directeur G\u00e9n\u00e9ral +49 711 91895520 info@friessinger-backtec.de","og_url":"http:\/\/www.friessinger-backtec.de\/fr\/contact\/","og_site_name":"Frie\u00dfinger Backtec GmbH","article_modified_time":"2024-05-14T11:24:56+00:00","twitter_card":"summary_large_image","twitter_misc":{"Gesch\u00e4tzte Lesezeit":"1\u00a0Minute"},"schema":{"@context":"https:\/\/schema.org","@graph":[{"@type":"WebPage","@id":"http:\/\/www.friessinger-backtec.de\/fr\/contact\/","url":"http:\/\/www.friessinger-backtec.de\/fr\/contact\/","name":"Contact - Frie\u00dfinger Backtec GmbH","isPartOf":{"@id":"http:\/\/www.friessinger-backtec.de\/fr\/#website"},"datePublished":"2018-03-07T12:11:41+00:00","dateModified":"2024-05-14T11:24:56+00:00","breadcrumb":{"@id":"http:\/\/www.friessinger-backtec.de\/fr\/contact\/#breadcrumb"},"inLanguage":"de","potentialAction":[{"@type":"ReadAction","target":["http:\/\/www.friessinger-backtec.de\/fr\/contact\/"]}]},{"@type":"BreadcrumbList","@id":"http:\/\/www.friessinger-backtec.de\/fr\/contact\/#breadcrumb","itemListElement":[{"@type":"ListItem","position":1,"name":"Home","item":"http:\/\/www.friessinger-backtec.de\/fr\/"},{"@type":"ListItem","position":2,"name":"Contact"}]},{"@type":"WebSite","@id":"http:\/\/www.friessinger-backtec.de\/fr\/#website","url":"http:\/\/www.friessinger-backtec.de\/fr\/","name":"Frie\u00dfinger Backtec GmbH","description":"","publisher":{"@id":"http:\/\/www.friessinger-backtec.de\/fr\/#organization"},"potentialAction":[{"@type":"SearchAction","target":{"@type":"EntryPoint","urlTemplate":"http:\/\/www.friessinger-backtec.de\/fr\/?s={search_term_string}"},"query-input":"required name=search_term_string"}],"inLanguage":"de"},{"@type":"Organization","@id":"http:\/\/www.friessinger-backtec.de\/fr\/#organization","name":"Frie\u00dfinger Backtec GmbH","url":"http:\/\/www.friessinger-backtec.de\/fr\/","logo":{"@type":"ImageObject","inLanguage":"de","@id":"http:\/\/www.friessinger-backtec.de\/fr\/#\/schema\/logo\/image\/","url":"http:\/\/www.friessinger-backtec.de\/fr\/wp-content\/uploads\/sites\/3\/2020\/08\/Logo-Backtec-2.png","contentUrl":"http:\/\/www.friessinger-backtec.de\/fr\/wp-content\/uploads\/sites\/3\/2020\/08\/Logo-Backtec-2.png","width":469,"height":219,"caption":"Frie\u00dfinger Backtec GmbH"},"image":{"@id":"http:\/\/www.friessinger-backtec.de\/fr\/#\/schema\/logo\/image\/"}}]}},"_links":{"self":[{"href":"http:\/\/www.friessinger-backtec.de\/fr\/wp-json\/wp\/v2\/pages\/82"}],"collection":[{"href":"http:\/\/www.friessinger-backtec.de\/fr\/wp-json\/wp\/v2\/pages"}],"about":[{"href":"http:\/\/www.friessinger-backtec.de\/fr\/wp-json\/wp\/v2\/types\/page"}],"author":[{"embeddable":true,"href":"http:\/\/www.friessinger-backtec.de\/fr\/wp-json\/wp\/v2\/users\/1"}],"replies":[{"embeddable":true,"href":"http:\/\/www.friessinger-backtec.de\/fr\/wp-json\/wp\/v2\/comments?post=82"}],"version-history":[{"count":9,"href":"http:\/\/www.friessinger-backtec.de\/fr\/wp-json\/wp\/v2\/pages\/82\/revisions"}],"predecessor-version":[{"id":99,"href":"http:\/\/www.friessinger-backtec.de\/fr\/wp-json\/wp\/v2\/pages\/82\/revisions\/99"}],"wp:attachment":[{"href":"http:\/\/www.friessinger-backtec.de\/fr\/wp-json\/wp\/v2\/media?parent=82"}],"curies":[{"name":"wp","href":"https:\/\/api.w.org\/{rel}","templated":true}]}}